{"id":94,"date":"2023-01-09T16:38:09","date_gmt":"2023-01-09T15:38:09","guid":{"rendered":"http:\/\/srsi.ddns.net\/ASDATA\/index.php\/case-history\/"},"modified":"2025-10-16T19:19:03","modified_gmt":"2025-10-16T17:19:03","slug":"case-history","status":"publish","type":"page","link":"http:\/\/srsi.ddns.net\/ASDATA\/index.php\/case-history\/","title":{"rendered":"Case history"},"content":{"rendered":"\n<h1 class=\"wp-block-heading\">Case history: <\/h1>\n\n\n\n<h2 class=\"wp-block-heading\">#1 hardware vendor di networking<\/h2>\n\n\n<p align=\"JUSTIFY\">  Azienda multinazionale vende attraverso distributori e rivenditori (clienti),&nbsp;applica sconti (rebate) su fatturati e promozioni concordate.<br>I Clienti per ricevere gli sconti devono fornire i dati di vendita corredati di altre informazioni utili all\u2019azienda per determinare le strategie di produzione e vendita.<br> Obiettivo: consolidare i dati raccolti in un unica dashboard che permetta di avviare processi di controllo, rebate, reselling\u2026.riducendo al minimo gli interventi di data-entry e controllo manuali.<br> I maggiori problemi affrontati  e risolti sono stati:<br> &#8211; formato dei files ricevuti<br> &#8211; non congruit\u00e0 dei dati ricevuti (ridondanze, formati, dati mancanti)<br> &#8211; diversit\u00e0 nella gestione dei codici articolo e delle varianti<br> &#8211; diversit\u00e0 nella gestione delle anagrafiche dei clienti finali<br> &#8211; velocit\u00e0 di esecuzione e controllo (risparmio 12 H\/settimana)<br> &#8211; interfaccia \u201cuser friendly\u201d per utenti di back office.<\/p>\n\n\n<p><img decoding=\"async\" width=\"728px;\" height=\"414px;\" src=\"https:\/\/lh3.googleusercontent.com\/QEKBwVZahBbsPIX2k-GY-ewabUKTojLt2IN6pANV1zfG3ZcAupCfwhcQLTZE9C5Rtwe1FRx-aYachyJXxpBYQ_ZUtnCSSKg1ZanvdNiNkVYVsbo5Wam9UlGZ4ZL5O2h48A61GXB8L97r1emetM4U2mq9UfbJuT0XIp16x73aEU13Nho8kXV-6HnKYfgytGtJ=s2048\"><\/p>\n\n\n\n<hr class=\"wp-block-separator has-alpha-channel-opacity\"\/>\n\n\n\n<h2 class=\"wp-block-heading\">#2 Start-up di Cloud Computing Distribuito<\/h2>\n\n\n<p align=\"JUSTIFY\">  Azienda multinazionale vende attraverso distributori e rivenditori (clienti),&nbsp;applica sconti (rebate) su fatturati e promozioni concordate.<br>I Clienti per ricevere gli sconti devono fornire i dati di vendita corredati di altre informazioni utili all\u2019azienda per determinare le strategie di produzione e vendita.<br> Obiettivo: consolidare i dati raccolti in un unica dashboard che permetta di avviare processi di controllo, rebate, reselling\u2026.riducendo al minimo gli interventi di data-entry e controllo manuali.<br> I maggiori problemi affrontati  e risolti sono stati:<br> &#8211; formato dei files ricevuti<br> &#8211; non congruit\u00e0 dei dati ricevuti (ridondanze, formati, dati mancanti)<br> &#8211; diversit\u00e0 nella gestione dei codici articolo e delle varianti<br> &#8211; diversit\u00e0 nella gestione delle anagrafiche dei clienti finali<br> &#8211; velocit\u00e0 di esecuzione e controllo (risparmio 12 H\/settimana)<br> &#8211; interfaccia \u201cuser friendly\u201d per utenti di back office.<\/p>\n\n\n<p><\/p>\n\n\n\n<p>Filtri a seconda delle necessit\u00e0 aziendali: Paese, commerciale, distributore, regione geografica, cliente partner\/finale<\/p>\n\n\n\n<p>Filtri temporali per anno, mese, trimestre e settimana<img decoding=\"async\" width=\"928px;\" height=\"359px;\" src=\"https:\/\/lh6.googleusercontent.com\/bAjqHH6PCdn_PeE8zP56CE8q7eE3weBJKNtkBRtU4LXySq2DDuyRdR5GIi4IGER_mR_AARb0zHnAY6kTLmA3HPZGgXiUwZs8JjTOEiTX82ZjOY5kA5hHvusqfj2n6uSL7SGGBR_GWh_6Z2Fp1ChiuAm7EeQV3dhqnE990itT70VkVyOQ9q_M28Y7uvvEEXSG=s2048\"><\/p>\n","protected":false},"excerpt":{"rendered":"<p>Case history: #1 hardware vendor di networking Azienda multinazionale vende attraverso distributori e rivenditori (clienti),&nbsp;applica sconti (rebate) su fatturati e promozioni concordate.I Clienti per ricevere gli sconti devono fornire i dati di vendita corredati di altre informazioni utili all\u2019azienda per determinare le strategie di produzione e vendita. Obiettivo: consolidare i dati raccolti in un unica [&hellip;]<\/p>\n","protected":false},"author":3,"featured_media":0,"parent":0,"menu_order":0,"comment_status":"closed","ping_status":"closed","template":"","meta":{"saved_in_kubio":true,"footnotes":""},"class_list":["post-94","page","type-page","status-publish","hentry"],"kubio_ai_page_context":{"short_desc":"","purpose":"general"},"_links":{"self":[{"href":"http:\/\/srsi.ddns.net\/ASDATA\/index.php\/wp-json\/wp\/v2\/pages\/94","targetHints":{"allow":["GET"]}}],"collection":[{"href":"http:\/\/srsi.ddns.net\/ASDATA\/index.php\/wp-json\/wp\/v2\/pages"}],"about":[{"href":"http:\/\/srsi.ddns.net\/ASDATA\/index.php\/wp-json\/wp\/v2\/types\/page"}],"author":[{"embeddable":true,"href":"http:\/\/srsi.ddns.net\/ASDATA\/index.php\/wp-json\/wp\/v2\/users\/3"}],"replies":[{"embeddable":true,"href":"http:\/\/srsi.ddns.net\/ASDATA\/index.php\/wp-json\/wp\/v2\/comments?post=94"}],"version-history":[{"count":14,"href":"http:\/\/srsi.ddns.net\/ASDATA\/index.php\/wp-json\/wp\/v2\/pages\/94\/revisions"}],"predecessor-version":[{"id":170,"href":"http:\/\/srsi.ddns.net\/ASDATA\/index.php\/wp-json\/wp\/v2\/pages\/94\/revisions\/170"}],"wp:attachment":[{"href":"http:\/\/srsi.ddns.net\/ASDATA\/index.php\/wp-json\/wp\/v2\/media?parent=94"}],"curies":[{"name":"wp","href":"https:\/\/api.w.org\/{rel}","templated":true}]}}